{"id":62,"date":"2017-02-09T13:39:27","date_gmt":"2017-02-09T13:39:27","guid":{"rendered":"http:\/\/paulbelleflamme.com\/?page_id=62"},"modified":"2017-02-09T13:39:27","modified_gmt":"2017-02-09T13:39:27","slug":"ip-innovation","status":"publish","type":"page","link":"https:\/\/paulbelleflamme.com\/?page_id=62","title":{"rendered":"IP &amp; Innovation"},"content":{"rendered":"<p>Here\u00a0is my work dealing with the economics of <em>Intellectual Property (IP)<\/em> and <em>innovation<\/em>.<\/p>\n<p><strong>In refereed journals<\/strong><\/p>\n<ul>\n<li><a href=\"https:\/\/onlinelibrary.wiley.com\/doi\/abs\/10.1111\/jems.12280\" target=\"_blank\" rel=\"noopener\">Strategic Promotion and Release Decisions for Cultural Goods<\/a> (with Dimitri Paolini). <em>Journal of Economics and Management Strategy<\/em> 28 (2019), 198-224.<\/li>\n<li><a href=\"https:\/\/papers.ssrn.com\/sol3\/papers.cfm?abstract_id=2903416\" target=\"_blank\" rel=\"noopener\">The Economics of Digital Goods: A Progress Report<\/a>. <em>Review of the Economic Research on Copyright Issues<\/em> 13, no. 2 (2016), 1-24.<\/li>\n<li><a href=\"https:\/\/www.researchgate.net\/publication\/4849860_Incentive_to_Innovate_in_Oligopolies\" target=\"_blank\" rel=\"noopener\">Incentives to Innovate in Oligopolies<\/a> (with C. Vergari). <em>The Manchester School<\/em>\u00a079 (2011), 6-28.<\/li>\n<li><a href=\"https:\/\/www.researchgate.net\/publication\/227545797_Piracy_and_Competition\" target=\"_blank\" rel=\"noopener\">Piracy and Competition<\/a> (with P. Picard).<em> Journal of Economics and Management Strategy<\/em>\u00a016\/2 (2007), 351-383.<\/li>\n<li><a href=\"https:\/\/www.researchgate.net\/publication\/250133791_Patents_and_Incentives_to_Innovate\" target=\"_blank\" rel=\"noopener\">Patents and Incentives to Innovate: Some Theoretical and Empirical Economic Evidence<\/a>. <em>Ethical Perspectives: Journal of the European Ethics Network <\/em>13, n\u25e62 (2006), 267-288.<\/li>\n<li><a href=\"https:\/\/www.researchgate.net\/publication\/222297169_Oligopolistic_competition_IT_use_for_product_differentiation_and_the_productivity_paradox\" target=\"_blank\" rel=\"noopener\">Oligopolistic Competition, IT Use for Product Differentiation, and the Productivity Paradox<\/a>. <em>International Journal of Industrial Organization<\/em>\u00a019 (2001), 227-248.<\/li>\n<li><a href=\"https:\/\/www.researchgate.net\/publication\/288026389_Assessing_the_diffusion_of_EDI_standards_across_business_communities?ev=prf_pub\" target=\"_blank\" rel=\"noopener\">Assessing the Diffusion of EDI Standards across Business Communities<\/a>. <em>EURAS Yearbook of Standardization<\/em>\u00a0Vol. 2 (1999), ed. by Manfred J. Holler and Esko Niskanen (Homo oeconomicus XV(3)), Munich: Accedo, 301-324.<\/li>\n<\/ul>\n<p><strong>Book chapters<\/strong><\/p>\n<ul>\n<li><a href=\"https:\/\/www.researchgate.net\/publication\/262213312_Digital_piracy_an_update\" target=\"_blank\" rel=\"noopener\">Digital Piracy<\/a> (with M. Peitz). In Backhaus, J. (ed.) Encyclopedia of Law and Economics, New York: Springer Science+Business Media (2014).<\/li>\n<li><a href=\"https:\/\/www.researchgate.net\/publication\/272760561_INNOVATION_UNDER_THREAT_SOME_ECONOMIC_AND_LEGAL_CONSIDERATIONS_ON_THE_PATENT_WARS_AND_TROLLS\" target=\"_blank\" rel=\"noopener\">Innovation under Threat? Some Economic and Legal Considerations on the Patent Wars and Trolls<\/a> (with A. Strowel). In Autenne, A., Cassiers, V. and Strowel, A. (eds) Droit, Economie et Valeurs. Hommage \u00e0 Bernard Remiche. Brussels: Larcier (2014), 351-366.<\/li>\n<li><a href=\"https:\/\/www.researchgate.net\/publication\/266296321_Digital_Piracy\" target=\"_blank\" rel=\"noopener\">Digital Piracy: Theory<\/a> (with M. Peitz). In Peitz, M. and Waldfogel, J. (eds.) The Oxford Handbook of the Digital Economy, Oxford: Oxford University Press (2012).<\/li>\n<li><a href=\"https:\/\/www.researchgate.net\/publication\/313506916_How_Efficient_is_the_Patent_System_A_General_Appraisal_and_an_Application_to_the_Pharmaceutical_Sector\" target=\"_blank\" rel=\"noopener\">How Efficient is the Patent System? A General Appraisal and an Application to the Pharmaceutical Sector<\/a>. In A. Gosseries, A. Marciano and A. Strowel (eds.) <a href=\"http:\/\/Intellectual Property and Theories of Justice\" target=\"_blank\" rel=\"noopener\">Intellectual Property and Theories of Justice<\/a> (2008). Palgrave Macmillan.<\/li>\n<li><a href=\"https:\/\/www.researchgate.net\/publication\/237723563_L%27accord_ADPIC_Analyse_europeenne_et_latino-americaine_des_dix_dernieres_annees_Conclusions_de_l%27approche_economique_europeenne_La_politique_d%27innovation_dans_une_economie_globalisee_quelques_question\" target=\"_blank\" rel=\"noopener\">La politique d\u2019innovation dans une \u00e9conomie globalis\u00e9e: quelques questions \u00e9conomiques ouvertes.<\/a> In Remiche, B. et Kors, J (ed.), L\u2019accord ADPIC: dix ans apr\u00e8s. Regards crois\u00e9s Europe-Am\u00e9rique latine, (2007) Larcier: Bruxelles.<\/li>\n<li>Patents and Incentives to Innovate: Some Theoretical and Empirical Economic Evidence. In C Sri Krishna (ed.) Ideas, Innovations and Patents (2007). The Icfai University Press: Hyderabad, India. (Reprint of the article in Ethical Perspectives).<\/li>\n<li>Logiciels, cr\u00e9ations commerciales et brevet. Quelques r\u00e9flexions d\u2019un \u00e9conomiste. In Remiche, B. (ed.), <a href=\"http:\/\/editionslarcier.larciergroup.com\/titres\/31179_1\/\" target=\"_blank\" rel=\"noopener\">Le Brevet : pourquoi et pour faire quoi<\/a>, (2006) Larcier: Bruxelles.<\/li>\n<li>Pricing Information Goods in the Presence of Copying. In Gordon, W.J. and Watt, R. (eds). <a href=\"http:\/\/www.serci.org\/documents\/brochure.pdf\" target=\"_blank\" rel=\"noopener\">The Economics of Copyright. Developments in Research and Analysis<\/a>, (2003). Edward Elgar, UK.<\/li>\n<\/ul>\n<p><strong>Large audience<\/strong><\/p>\n<ul>\n<li>Un tr\u00e9sor chez les pirates? Revue du Belgium-Luxembourg Business Club in Switzerland 2013\/2014: 82-85.<\/li>\n<li><a href=\"http:\/\/www.regards-economiques.be\/index.php?option=com_reco&amp;view=article&amp;cid=130\" target=\"_blank\" rel=\"noopener\">L&rsquo;or cach\u00e9 des pirates<\/a>. Regards Economiques-Focus, 07\/05\/2013.<\/li>\n<li><a href=\"http:\/\/www.regards-economiques.be\/index.php?option=com_reco&amp;view=article&amp;cid=94\" target=\"_blank\" rel=\"noopener\">Le d\u00e9veloppement du march\u00e9 des brevets et la probl\u00e9matique des patent trolls<\/a> (avec L. Slits). \u2028Regards Economiques 83 (2010).<\/li>\n<li><a href=\"https:\/\/www.researchgate.net\/publication\/24110022_Comment_favoriser_1%27innovation_dans_le_secteur_pharmaceutique_brevets_etou_recompenses\" target=\"_blank\" rel=\"noopener\">Comment favoriser l\u2019innovation dans le secteur pharmaceutique : brevets et\/ou r\u00e9compenses ?<\/a> (with \u2028Tanguy van Ypersele). Reflets et Perspectives de la vie \u00e9conomique, XLV, n\u25e64 (2006): 23-35.<\/li>\n<li><a href=\"https:\/\/www.researchgate.net\/publication\/24110020_L%27economie_de_la_propriete_intellectuelle_Introduction_et_description_du_contenu\" target=\"_blank\" rel=\"noopener\">L\u2019\u00e9conomie de la propri\u00e9t\u00e9 intellectuelle. Introduction et description du contenu<\/a>. Reflets et Perspectives de la vie \u00e9conomique, XLV, n\u25e64 (2006): 5-9.<\/li>\n<li><a href=\"http:\/\/www.regards-economiques.be\/index.php?option=com_reco&amp;view=article&amp;cid=24\" target=\"_blank\" rel=\"noopener\">Le piratage des biens d&rsquo;information<\/a>. Regards Economiques 17 (2003).<\/li>\n<\/ul>\n","protected":false},"excerpt":{"rendered":"<p>Here\u00a0is my work dealing with the economics of Intellectual Property (IP) and innovation. In refereed journals Strategic Promotion and Release Decisions for Cultural Goods (with Dimitri Paolini). Journal of Economics and Management Strategy 28 (2019), 198-224. The Economics of Digital Goods: A Progress Report. Review of the Economic Research on Copyright Issues 13, no. 2 &hellip; <a href=\"https:\/\/paulbelleflamme.com\/?page_id=62\" class=\"more-link\">Continue reading <span class=\"screen-reader-text\">IP &amp; Innovation<\/span><\/a><\/p>\n","protected":false},"author":1,"featured_media":0,"parent":919,"menu_order":2,"comment_status":"closed","ping_status":"closed","template":"","meta":{"footnotes":""},"class_list":["post-62","page","type-page","status-publish","hentry"],"_links":{"self":[{"href":"https:\/\/paulbelleflamme.com\/index.php?rest_route=\/wp\/v2\/pages\/62","targetHints":{"allow":["GET"]}}],"collection":[{"href":"https:\/\/paulbelleflamme.com\/index.php?rest_route=\/wp\/v2\/pages"}],"about":[{"href":"https:\/\/paulbelleflamme.com\/index.php?rest_route=\/wp\/v2\/types\/page"}],"author":[{"embeddable":true,"href":"https:\/\/paulbelleflamme.com\/index.php?rest_route=\/wp\/v2\/users\/1"}],"replies":[{"embeddable":true,"href":"https:\/\/paulbelleflamme.com\/index.php?rest_route=%2Fwp%2Fv2%2Fcomments&post=62"}],"version-history":[{"count":0,"href":"https:\/\/paulbelleflamme.com\/index.php?rest_route=\/wp\/v2\/pages\/62\/revisions"}],"up":[{"embeddable":true,"href":"https:\/\/paulbelleflamme.com\/index.php?rest_route=\/wp\/v2\/pages\/919"}],"wp:attachment":[{"href":"https:\/\/paulbelleflamme.com\/index.php?rest_route=%2Fwp%2Fv2%2Fmedia&parent=62"}],"curies":[{"name":"wp","href":"https:\/\/api.w.org\/{rel}","templated":true}]}}