{"id":65,"date":"2017-02-09T13:39:45","date_gmt":"2017-02-09T13:39:45","guid":{"rendered":"http:\/\/paulbelleflamme.com\/?page_id=65"},"modified":"2017-02-09T13:39:45","modified_gmt":"2017-02-09T13:39:45","slug":"pricing","status":"publish","type":"page","link":"https:\/\/paulbelleflamme.com\/?page_id=65","title":{"rendered":"Pricing\/Data\/Privacy"},"content":{"rendered":"<p>Here is my work dealing with <em>pricing strategies<\/em>, especially for digital goods.<\/p>\n<p><strong>In refereed journals<\/strong><\/p>\n<ul>\n<li><a href=\"https:\/\/dial.uclouvain.be\/pr\/boreal\/object\/boreal:232177\">Competitive Imperfect Price Discrimination and Market Power<\/a> (with W. Lam and W. Vergote). <em>Marketing Science<\/em> 39 (5), 996-1015.<\/li>\n<li><a href=\"http:\/\/www.concurrences.com\/en\/review\/issues\/no-3-2018\/law-economics\/the-intricate-tale-of-demand-and-supply-of-personal-data-en\" target=\"_blank\" rel=\"noopener\">The Intricate Tale of Demand and Supply of Personal Data<\/a> (with W. Vergote).\u00a0Concurrences N\u00b0 3 (2018), 45-52.<\/li>\n<li><a href=\"https:\/\/www.researchgate.net\/publication\/312610287_THE_ECONOMICS_OF_DIGITAL_GOODS_A_PROGRESS_REPORT\" target=\"_blank\" rel=\"noopener noreferrer\">The Economics of Digital Goods: A Progress Report<\/a>. Review of the Economic Research on Copyright Issues, 13, no. 2 (2016), 1-24.<\/li>\n<li><a href=\"https:\/\/www.researchgate.net\/publication\/309473450_Monopoly_price_discrimination_and_privacy_The_hidden_cost_of_hiding\" target=\"_blank\" rel=\"noopener noreferrer\">Monopoly Price Discrimination and Privacy: The Hidden Cost of Hiding<\/a> (with W. Vergote). Economics Letters 149 (2016), 141-144.<\/li>\n<li><a href=\"https:\/\/www.researchgate.net\/publication\/253398120_Versioning_in_the_Information_Economy_Theory_and_Applications\" target=\"_blank\" rel=\"noopener noreferrer\">Versioning in the Information Economy: Theory and applications<\/a>. CESIfo Economic Studies, 51 (2005), 329-358.<\/li>\n<li><a href=\"https:\/\/www.researchgate.net\/publication\/222688411_Price_and_quantity_experimentation_A_synthesis\" target=\"_blank\" rel=\"noopener noreferrer\">Price and Quantity Experimentation: A Synthesis<\/a> (with F. Bloch). International Journal of Industrial Organization, 19 (2001), 1563-1582.<\/li>\n<\/ul>\n<p><strong>Book chapters<\/strong><\/p>\n<ul>\n<li>Versioning Information Goods. In G. Illing and M. Peitz (eds.), <a href=\"https:\/\/mitpress.mit.edu\/books\/industrial-organization-and-digital-economy\" target=\"_blank\" rel=\"noopener noreferrer\">Industrial Organization and the Digital Economy<\/a>, (2006) MIT Press.<\/li>\n<li><a href=\"https:\/\/www.researchgate.net\/publication\/24119831_Pricing_Information_Goods_in_the_Presence_of_Copying\" target=\"_blank\" rel=\"noopener noreferrer\">Pricing Information Goods in the Presence of Copying<\/a>. In Gordon, W.J. and Watt, R. (eds). <a href=\"http:\/\/www.serci.org\/documents\/brochure.pdf\" target=\"_blank\" rel=\"noopener noreferrer\">The Economics of Copyright. Developments in Research and Analysis<\/a>, (2003). Edward Elgar, UK.<\/li>\n<\/ul>\n<p><strong>Large audience<\/strong><\/p>\n<ul>\n<li><a href=\"http:\/\/www.annales.org\/enjeux-numeriques\/2018\/en-2018-02\/EN-2018-06-3.pdf\" target=\"_blank\" rel=\"noopener\">Mod\u00e8les \u00e9conomiques des donn\u00e9es : une relation entre demande et offre<\/a>. Enjeux Num\u00e9riques, N\u00b02, June 2018. Also available <a href=\"http:\/\/www.annales.org\/enjeux-numeriques\/DG\/2018\/DG-2018-06\/Enj18b_3Belleflamme.pdf\" target=\"_blank\" rel=\"noopener\">in English<\/a>.<\/li>\n<li><a href=\"https:\/\/theconversation.com\/faut-il-craindre-labandon-des-regles-de-protection-de-la-vie-privee-aux-etats-unis-75985\" target=\"_blank\" rel=\"noopener noreferrer\">Faut-il craindre l\u2019abandon des r\u00e8gles de protection de la vie priv\u00e9e aux \u00c9tats-Unis ?<\/a> The Conversation, April 12, 2017<\/li>\n<li><a href=\"http:\/\/www.lepoint.fr\/high-tech-internet\/comment-et-pourquoi-donald-trump-menace-votre-vie-privee-sur-internet-14-04-2017-2119880_47.php\" target=\"_blank\" rel=\"noopener noreferrer\">Comment et pourquoi Donald Trump menace votre vie priv\u00e9e sur Internet<\/a>. Le Point, April 14, 2017.<\/li>\n<li><a href=\"https:\/\/www.researchgate.net\/publication\/275343271_La_taxe_rose_un_genre_de_prix_ou_des_prix_de_genre\" target=\"_blank\" rel=\"noopener noreferrer\">La \u201ctaxe rose\u201d: un genre de prix ou des prix de genres?<\/a> Probl\u00e8mes Economiques 3017 (2015).<\/li>\n<li><a href=\"http:\/\/www.regards-economiques.be\/index.php?option=com_reco&amp;view=article&amp;cid=120\" target=\"_blank\" rel=\"noopener noreferrer\">Economie des contenus num\u00e9riques: bient\u00f4t la fin du gratuit ?<\/a> (with X. Wauthy). Regards Economiques, 100 (2012).<\/li>\n<li>L\u2019\u00e9conomie de la gratuit\u00e9. <a href=\"https:\/\/www.reseau-canope.fr\/notice\/economie-et-management-n-134-janvier-2010.html\" target=\"_blank\" rel=\"noopener noreferrer\">Economie et Management n\u25e6 134<\/a> (2010): 9-15.<\/li>\n<\/ul>\n<hr \/>\n<p>Photo credit: <a href=\"https:\/\/www.flickr.com\/photos\/vkreay\/6195455545\/\">Victoria Reay<\/a> via <a href=\"https:\/\/visualhunt.com\">Visualhunt<\/a> \/ <a href=\"http:\/\/creativecommons.org\/licenses\/by\/2.0\/\"> CC BY<\/a><\/p>\n","protected":false},"excerpt":{"rendered":"<p>Here is my work dealing with pricing strategies, especially for digital goods. In refereed journals Competitive Imperfect Price Discrimination and Market Power (with W. Lam and W. Vergote). Marketing Science 39 (5), 996-1015. The Intricate Tale of Demand and Supply of Personal Data (with W. Vergote).\u00a0Concurrences N\u00b0 3 (2018), 45-52. The Economics of Digital Goods: &hellip; <a href=\"https:\/\/paulbelleflamme.com\/?page_id=65\" class=\"more-link\">Continue reading <span class=\"screen-reader-text\">Pricing\/Data\/Privacy<\/span><\/a><\/p>\n","protected":false},"author":1,"featured_media":0,"parent":919,"menu_order":4,"comment_status":"closed","ping_status":"closed","template":"","meta":{"footnotes":""},"class_list":["post-65","page","type-page","status-publish","hentry"],"_links":{"self":[{"href":"https:\/\/paulbelleflamme.com\/index.php?rest_route=\/wp\/v2\/pages\/65","targetHints":{"allow":["GET"]}}],"collection":[{"href":"https:\/\/paulbelleflamme.com\/index.php?rest_route=\/wp\/v2\/pages"}],"about":[{"href":"https:\/\/paulbelleflamme.com\/index.php?rest_route=\/wp\/v2\/types\/page"}],"author":[{"embeddable":true,"href":"https:\/\/paulbelleflamme.com\/index.php?rest_route=\/wp\/v2\/users\/1"}],"replies":[{"embeddable":true,"href":"https:\/\/paulbelleflamme.com\/index.php?rest_route=%2Fwp%2Fv2%2Fcomments&post=65"}],"version-history":[{"count":0,"href":"https:\/\/paulbelleflamme.com\/index.php?rest_route=\/wp\/v2\/pages\/65\/revisions"}],"up":[{"embeddable":true,"href":"https:\/\/paulbelleflamme.com\/index.php?rest_route=\/wp\/v2\/pages\/919"}],"wp:attachment":[{"href":"https:\/\/paulbelleflamme.com\/index.php?rest_route=%2Fwp%2Fv2%2Fmedia&parent=65"}],"curies":[{"name":"wp","href":"https:\/\/api.w.org\/{rel}","templated":true}]}}