{"id":68,"date":"2017-02-09T13:40:15","date_gmt":"2017-02-09T13:40:15","guid":{"rendered":"http:\/\/paulbelleflamme.com\/?page_id=68"},"modified":"2017-02-09T13:40:15","modified_gmt":"2017-02-09T13:40:15","slug":"competition","status":"publish","type":"page","link":"https:\/\/paulbelleflamme.com\/?page_id=68","title":{"rendered":"Competition"},"content":{"rendered":"<p>You will find here my work concerning <em>competition policy<\/em>.<\/p>\n<p><strong>In refereed journals<\/strong><\/p>\n<ul>\n<li><a href=\"https:\/\/www.researchgate.net\/publication\/45134733_Asymmetric_information_and_overinvestment_in_quality\" target=\"_blank\" rel=\"noopener\">Asymmetric Information and Overinvestment in Quality<\/a> (with M. Peitz). European Economic Review, 66 (2014), 127-143.<\/li>\n<li><a href=\"https:\/\/www.researchgate.net\/publication\/4853400_Sustainable_collusion_on_separate_markets\" target=\"_blank\" rel=\"noopener\">Sustainable Collusion on Separate Markets<\/a> (with F. Bloch). Economics Letters, 99 (2008), 384-386.<\/li>\n<li><a href=\"https:\/\/www.researchgate.net\/publication\/268028351_Yardstick_competition_and_political_agency_problems\" target=\"_blank\" rel=\"noopener\">Yardstick Competition and Political Agency Problems<\/a> (with J. Hindriks). Social Choice and Welfare, 24 (2005), 155-169.<\/li>\n<li><a href=\"https:\/\/www.researchgate.net\/publication\/5110524_Market_Sharing_Agreements_and_Collusive_Networks\" target=\"_blank\" rel=\"noopener\">Market Sharing Agreements and Collusive Networks<\/a> (with F. Bloch). International Economic Review, 45 (2004), 387-411.<\/li>\n<\/ul>\n<p><strong>Large audience<\/strong><\/p>\n<ul>\n<li><a href=\"https:\/\/www.researchgate.net\/publication\/313595126_Theorie_des_jeux_guerre_et_paix\" target=\"_blank\" rel=\"noopener\">Th\u00e9orie des jeux, guerre et paix<\/a>, LSM Alumni-Connect (Septembre 2011), 11-14.<\/li>\n<li><a href=\"https:\/\/www.researchgate.net\/publication\/313594693_Apprecier_les_effets_unilateraux_des_fusions_en_utilisant_la_theorie_des_jeux\" target=\"_blank\" rel=\"noopener\">Appr\u00e9cier les effets unilat\u00e9raux des fusions en utilisant la th\u00e9orie des jeux<\/a>. Tijdschrift voor Belgische \u2028Medeginiging \u2013 Revue de la Concurrence Belge, 4 (2007): 3-8. 3<\/li>\n<\/ul>\n","protected":false},"excerpt":{"rendered":"<p>You will find here my work concerning competition policy. In refereed journals Asymmetric Information and Overinvestment in Quality (with M. Peitz). European Economic Review, 66 (2014), 127-143. Sustainable Collusion on Separate Markets (with F. Bloch). Economics Letters, 99 (2008), 384-386. Yardstick Competition and Political Agency Problems (with J. Hindriks). Social Choice and Welfare, 24 (2005), &hellip; <a href=\"https:\/\/paulbelleflamme.com\/?page_id=68\" class=\"more-link\">Continue reading <span class=\"screen-reader-text\">Competition<\/span><\/a><\/p>\n","protected":false},"author":1,"featured_media":0,"parent":919,"menu_order":5,"comment_status":"closed","ping_status":"closed","template":"","meta":{"footnotes":""},"class_list":["post-68","page","type-page","status-publish","hentry"],"_links":{"self":[{"href":"https:\/\/paulbelleflamme.com\/index.php?rest_route=\/wp\/v2\/pages\/68","targetHints":{"allow":["GET"]}}],"collection":[{"href":"https:\/\/paulbelleflamme.com\/index.php?rest_route=\/wp\/v2\/pages"}],"about":[{"href":"https:\/\/paulbelleflamme.com\/index.php?rest_route=\/wp\/v2\/types\/page"}],"author":[{"embeddable":true,"href":"https:\/\/paulbelleflamme.com\/index.php?rest_route=\/wp\/v2\/users\/1"}],"replies":[{"embeddable":true,"href":"https:\/\/paulbelleflamme.com\/index.php?rest_route=%2Fwp%2Fv2%2Fcomments&post=68"}],"version-history":[{"count":0,"href":"https:\/\/paulbelleflamme.com\/index.php?rest_route=\/wp\/v2\/pages\/68\/revisions"}],"up":[{"embeddable":true,"href":"https:\/\/paulbelleflamme.com\/index.php?rest_route=\/wp\/v2\/pages\/919"}],"wp:attachment":[{"href":"https:\/\/paulbelleflamme.com\/index.php?rest_route=%2Fwp%2Fv2%2Fmedia&parent=68"}],"curies":[{"name":"wp","href":"https:\/\/api.w.org\/{rel}","templated":true}]}}