{"id":697,"date":"2021-08-27T14:36:06","date_gmt":"2021-08-27T14:36:06","guid":{"rendered":"https:\/\/paulbelleflamme.com\/?page_id=697"},"modified":"2021-08-27T14:36:06","modified_gmt":"2021-08-27T14:36:06","slug":"free-resources","status":"publish","type":"page","link":"https:\/\/paulbelleflamme.com\/?page_id=697","title":{"rendered":"Free resources"},"content":{"rendered":"\n<p>You can find here some teaching material that I have produced and that it is free to use. (<em>Vous trouverez ici du mat\u00e9riel p\u00e9dagogique que j&rsquo;ai produit et que vous pouvez utiliser librement.<\/em>)<\/p>\n\n\n\n<p><strong>In English<\/strong><\/p>\n\n\n\n<ul class=\"wp-block-list\">\n<li><strong>Topics in Digital Economics<\/strong>: My <a href=\"https:\/\/www.youtube.com\/channel\/UCTzNwo-b048u7G-vZPPX1Ew\">YouTube channel<\/a> collecting screencasts that I produced for my courses<\/li>\n\n\n\n<li><strong>The Tension between Market Shares and Profit under Platform Competition<\/strong> :\u00a0<a href=\"https:\/\/player.vimeo.com\/video\/830531046?h=e9ac218854&amp;amp\">Interview<\/a> with Faculti<\/li>\n\n\n\n<li><strong>Network goods, price discrimination, and two-sided platforms<\/strong>. <a href=\"https:\/\/www.youtube.com\/watch?v=gKn0hKz7j4k\">Video<\/a> of the <a href=\"https:\/\/www.digitalecon.org\/\">VIDE seminar<\/a> I gave on September 23, 2021<\/li>\n\n\n\n<li><strong>Assessment of Market Power in Markets with Digital Platforms<\/strong>. <a href=\"https:\/\/paulbelleflamme.wordpress.com\/wp-content\/uploads\/2020\/01\/observatory_brussels_29012020.pdf\">Slide presentation<\/a> for the <a href=\"https:\/\/ec.europa.eu\/digital-single-market\/en\/expert-group-eu-observatory-online-platform-economy\" target=\"_blank\" rel=\"noreferrer noopener\">Expert group to the EU Observatory on the Online Platform Economy<\/a>. Brussels, January 29, 2020.<\/li>\n\n\n\n<li><strong>Collaborative Economy: Definition and Challenges<\/strong>. <a href=\"https:\/\/paulbelleflamme.wordpress.com\/wp-content\/uploads\/2020\/01\/ceps_collabeco_27012020-print.pdf\">Slide presentation<\/a> for the <a href=\"https:\/\/www.ceps.eu\/ceps-task-forces\/the-collaborative-economy-in-the-eu\/\">CEPS Task Force on the Collaborative Economy in the EU<\/a>. Brussels, January 27, 2020.<\/li>\n\n\n\n<li><strong>Innovation Economics and Law<\/strong> (master course currently taught at Aix-Marseille University). You can find all the material on this <a href=\"https:\/\/sites.google.com\/site\/innovationlawecon\/\" target=\"_blank\" rel=\"noreferrer noopener\">dedicated web site<\/a>&nbsp;(2017)<\/li>\n\n\n\n<li><a href=\"https:\/\/www.researchgate.net\/publication\/274951501_Lectures_on_Competition_and_Regulation_in_Two-Sided_Markets\" target=\"_blank\" rel=\"noreferrer noopener\">Lectures on Competition and Regulation in Two-Sided Markets<\/a> (prepared with Martin Peitz, 2015)<\/li>\n\n\n\n<li>A <a href=\"https:\/\/vimeo.com\/182724437\" target=\"_blank\" rel=\"noreferrer noopener\">video<\/a> explaining how a monopolist sets its price (2016)<\/li>\n<\/ul>\n\n\n\n<p><strong>En fran\u00e7ais<\/strong><\/p>\n\n\n\n<ul class=\"wp-block-list\">\n<li><a href=\"https:\/\/prezi.com\/d143iga6npyr\/les-grandes-batailles-de-linternet\/\" target=\"_blank\" rel=\"noreferrer noopener\">Les grandes batailles de l&rsquo;Internet. Un d\u00e9codage \u00e9conomique<\/a> (2013)<\/li>\n<\/ul>\n","protected":false},"excerpt":{"rendered":"<p>You can find here some teaching material that I have produced and that it is free to use. (Vous trouverez ici du mat\u00e9riel p\u00e9dagogique que j&rsquo;ai produit et que vous pouvez utiliser librement.) In English En fran\u00e7ais<\/p>\n","protected":false},"author":1,"featured_media":698,"parent":0,"menu_order":0,"comment_status":"closed","ping_status":"closed","template":"","meta":{"footnotes":""},"class_list":["post-697","page","type-page","status-publish","has-post-thumbnail","hentry"],"_links":{"self":[{"href":"https:\/\/paulbelleflamme.com\/index.php?rest_route=\/wp\/v2\/pages\/697","targetHints":{"allow":["GET"]}}],"collection":[{"href":"https:\/\/paulbelleflamme.com\/index.php?rest_route=\/wp\/v2\/pages"}],"about":[{"href":"https:\/\/paulbelleflamme.com\/index.php?rest_route=\/wp\/v2\/types\/page"}],"author":[{"embeddable":true,"href":"https:\/\/paulbelleflamme.com\/index.php?rest_route=\/wp\/v2\/users\/1"}],"replies":[{"embeddable":true,"href":"https:\/\/paulbelleflamme.com\/index.php?rest_route=%2Fwp%2Fv2%2Fcomments&post=697"}],"version-history":[{"count":0,"href":"https:\/\/paulbelleflamme.com\/index.php?rest_route=\/wp\/v2\/pages\/697\/revisions"}],"wp:featuredmedia":[{"embeddable":true,"href":"https:\/\/paulbelleflamme.com\/index.php?rest_route=\/wp\/v2\/media\/698"}],"wp:attachment":[{"href":"https:\/\/paulbelleflamme.com\/index.php?rest_route=%2Fwp%2Fv2%2Fmedia&parent=697"}],"curies":[{"name":"wp","href":"https:\/\/api.w.org\/{rel}","templated":true}]}}